{"id":569,"date":"2025-06-25T07:54:18","date_gmt":"2025-06-25T05:54:18","guid":{"rendered":"https:\/\/new.efienergyprojects.com\/new\/?page_id=569"},"modified":"2025-06-28T10:56:41","modified_gmt":"2025-06-28T08:56:41","slug":"politica-de-cookies","status":"publish","type":"page","link":"https:\/\/new.efienergyprojects.com\/new\/politica-de-cookies\/","title":{"rendered":"Pol\u00edtica de cookies"},"content":{"rendered":"\n<p class=\"has-text-color has-link-color wp-elements-2b92eb2f5f5fcd914e9d51c576d46076\" style=\"color:#025790\"><strong>POL\u00cdTICA DE COOKIES<\/strong><\/p>\n\n\n\n<p>En cumplimiento con el que dispone el art\u00edculo 22.2 de la Ley 34\/2002, de 11 de julio, de Servicios de la Sociedad de la Informaci\u00f3n y de E-commerce, el titular te informa que este sitio web utiliza cookies, as\u00ed como sobre su pol\u00edtica de recogida y el tratamiento que hace de las mismas.<br>QU\u00c9 SON LAS COOKIES<br>Una&nbsp;cookie&nbsp;es un fichero que se descarga a tu ordenador al entrar a determinadas p\u00e1ginas web. Las cookies permiten en una p\u00e1gina web, entre otras cosas, almacenar y recuperar informaci\u00f3n sobre tus h\u00e1bitos de navegaci\u00f3n y -dependiendo de la informaci\u00f3n que contengan y de la forma en que utilices tu equipo- pueden utilizarse para identificarte.<\/p>\n\n\n\n<p class=\"has-text-color has-link-color wp-elements-10c0db517cc25f84868d9c4a93c828c8\" style=\"color:#025790\"><strong>TIPO DE COOKIES UTILIZADAS<\/strong><\/p>\n\n\n\n<p>El sitio web <a href=\"http:\/\/www.efienergyprojects.com\">http:\/\/www.efienergyprojects.com<\/a> utiliza los siguientes tipos de galletas:<br>\u2022 <strong>Galletas t\u00e9cnicas:<\/strong> Son aquellas tratadas por el sitio web que permiten a los usuarios registrados navegar a trav\u00e9s del \u00e1rea restringida&nbsp;ia&nbsp;utilizar sus diferentes funciones, como por ejemplo, llevar a cabo el proceso de compra de un Producto o Servicio.<br>Algunas cookies son esenciales para el funcionamiento del sitio web, por ejemplo, el sistema de comentarios o el buscador.<br>\u2022 <strong>Galletas de personalizaci\u00f3n:<\/strong> Son aquellas que permiten a los usuarios acceder al servicio con algunas caracter\u00edsticas de car\u00e1cter general predefinidas en funci\u00f3n de una serie de criterios establecidos por el usuario como, por ejemplo, el idioma o el tipo de navegador mediante el cual se conecta a este sitio web.<\/p>\n\n\n\n<p class=\"has-text-color has-link-color wp-elements-1f9a043106d98bd1a6d608813db1ff36\" style=\"color:#025790\"><strong>INHABILITA LAS COOKIES<\/strong><\/p>\n\n\n\n<p>Puedes aceptar, bloquear o eliminar las cookies instaladas en tu equipo mediante la configuraci\u00f3n de las opciones del navegador.<br>En los siguientes enlaces encontrar\u00e1s instrucciones para habilitar o desactivar las cookies en los navegadores m\u00e1s comunes.<br><strong>\u2022 Firefox<\/strong> <a href=\"http:\/\/support.mozilla.org\/es\/kb\/habilitar-y-deshabilitar-cookies-que-los-sitios-we\">http:\/\/support.mozilla.org\/es\/kb\/habilitar-y-deshabilitar-cookies-que-los-sitios-we<\/a><br><strong>\u2022 Safari<\/strong> <a href=\"http:\/\/support.apple.com\/kb\/ht1677?viewlocale=es_es\">http:\/\/support.apple.com\/kb\/ht1677?viewlocale=es_es<\/a><br>\u2022 <strong>Google Chrome<\/strong> <a href=\"https:\/\/support.google.com\/chrome\/answer\/95647?hl=es\">https:\/\/support.google.com\/chrome\/answer\/95647?hl=es<\/a><\/p>\n\n\n\n<p class=\"has-text-color has-link-color wp-elements-14fd3906a17f8cabe22e50ce1c7373b1\" style=\"color:#025790\"><strong>COOKIES DE TERCEROS<\/strong><\/p>\n\n\n\n<p class=\"has-text-color has-link-color wp-elements-e82bd13f3649f87b4e2ead4e1f6bb486\" style=\"color:#025790\"><strong>ADVERTENCIA SOBRE ELIMINAR COOKIES<\/strong><\/p>\n\n\n\n<p>Puedes eliminar y bloquear las galletas de este sitio web, pero parte del lugar no funcionar\u00e1 correctamente o su calidad se puede ver afectada.<\/p>\n\n\n\n<p class=\"has-text-color has-link-color wp-elements-cdc6b608ac6bfb32a133e2e045670718\" style=\"color:#025790\"><strong>CONTACTO<\/strong><\/p>\n\n\n\n<p>En caso de que tengas cualquier duda sobre esta Pol\u00edtica de Cookies o quieras realizar cualquier comentario sobre este sitio web, puedes enviar un mensaje de correo electr\u00f3nico a la direcci\u00f3n info@efienergyprojects.com.<\/p>\n\n\n\n<p><\/p>\n","protected":false},"excerpt":{"rendered":"<p>POL\u00cdTICA DE COOKIES En cumplimiento con el que dispone el art\u00edculo 22.2 de la Ley 34\/2002, de 11 de julio, [&hellip;]<\/p>\n","protected":false},"author":1,"featured_media":0,"parent":0,"menu_order":0,"comment_status":"closed","ping_status":"closed","template":"","meta":{"_uag_custom_page_level_css":"","site-sidebar-layout":"default","site-content-layout":"","ast-site-content-layout":"default","site-content-style":"default","site-sidebar-style":"default","ast-global-header-display":"","ast-banner-title-visibility":"","ast-main-header-display":"","ast-hfb-above-header-display":"","ast-hfb-below-header-display":"","ast-hfb-mobile-header-display":"","site-post-title":"disabled","ast-breadcrumbs-content":"","ast-featured-img":"","footer-sml-layout":"","ast-disable-related-posts":"","theme-transparent-header-meta":"","adv-header-id-meta":"","stick-header-meta":"","header-above-stick-meta":"","header-main-stick-meta":"","header-below-stick-meta":"","astra-migrate-meta-layouts":"default","ast-page-background-enabled":"default","ast-page-background-meta":{"desktop":{"background-color":"var(--ast-global-color-4)","background-image":"","background-repeat":"repeat","background-position":"center center","background-size":"auto","background-attachment":"scroll","background-type":"","background-media":"","overlay-type":"","overlay-color":"","overlay-opacity":"","overlay-gradient":""},"tablet":{"background-color":"","background-image":"","background-repeat":"repeat","background-position":"center center","background-size":"auto","background-attachment":"scroll","background-type":"","background-media":"","overlay-type":"","overlay-color":"","overlay-opacity":"","overlay-gradient":""},"mobile":{"background-color":"","background-image":"","background-repeat":"repeat","background-position":"center center","background-size":"auto","background-attachment":"scroll","background-type":"","background-media":"","overlay-type":"","overlay-color":"","overlay-opacity":"","overlay-gradient":""}},"ast-content-background-meta":{"desktop":{"background-color":"var(--ast-global-color-5)","background-image":"","background-repeat":"repeat","background-position":"center center","background-size":"auto","background-attachment":"scroll","background-type":"","background-media":"","overlay-type":"","overlay-color":"","overlay-opacity":"","overlay-gradient":""},"tablet":{"background-color":"var(--ast-global-color-5)","background-image":"","background-repeat":"repeat","background-position":"center center","background-size":"auto","background-attachment":"scroll","background-type":"","background-media":"","overlay-type":"","overlay-color":"","overlay-opacity":"","overlay-gradient":""},"mobile":{"background-color":"var(--ast-global-color-5)","background-image":"","background-repeat":"repeat","background-position":"center center","background-size":"auto","background-attachment":"scroll","background-type":"","background-media":"","overlay-type":"","overlay-color":"","overlay-opacity":"","overlay-gradient":""}},"footnotes":""},"class_list":["post-569","page","type-page","status-publish","hentry"],"yoast_head":"<!-- This site is optimized with the Yoast SEO plugin v27.3 - https:\/\/yoast.com\/product\/yoast-seo-wordpress\/ -->\n<title>Pol\u00edtica de cookies - Efienergy Projects<\/title>\n<meta name=\"robots\" content=\"index, follow, max-snippet:-1, max-image-preview:large, max-video-preview:-1\" \/>\n<link rel=\"canonical\" href=\"https:\/\/new.efienergyprojects.com\/new\/politica-de-cookies\/\" \/>\n<meta property=\"og:locale\" content=\"es_ES\" \/>\n<meta property=\"og:type\" content=\"article\" \/>\n<meta property=\"og:title\" content=\"Pol\u00edtica de cookies - Efienergy Projects\" \/>\n<meta property=\"og:description\" content=\"POL\u00cdTICA DE COOKIES En cumplimiento con el que dispone el art\u00edculo 22.2 de la Ley 34\/2002, de 11 de julio, [&hellip;]\" \/>\n<meta property=\"og:url\" content=\"https:\/\/new.efienergyprojects.com\/new\/politica-de-cookies\/\" \/>\n<meta property=\"og:site_name\" content=\"Efienergy Projects\" \/>\n<meta property=\"article:modified_time\" content=\"2025-06-28T08:56:41+00:00\" \/>\n<meta name=\"twitter:card\" content=\"summary_large_image\" \/>\n<meta name=\"twitter:label1\" content=\"Tiempo de lectura\" \/>\n\t<meta name=\"twitter:data1\" content=\"2 minutos\" \/>\n<script type=\"application\/ld+json\" class=\"yoast-schema-graph\">{\"@context\":\"https:\\\/\\\/schema.org\",\"@graph\":[{\"@type\":\"WebPage\",\"@id\":\"https:\\\/\\\/new.efienergyprojects.com\\\/new\\\/politica-de-cookies\\\/\",\"url\":\"https:\\\/\\\/new.efienergyprojects.com\\\/new\\\/politica-de-cookies\\\/\",\"name\":\"Pol\u00edtica de cookies - Efienergy Projects\",\"isPartOf\":{\"@id\":\"https:\\\/\\\/new.efienergyprojects.com\\\/new\\\/#website\"},\"datePublished\":\"2025-06-25T05:54:18+00:00\",\"dateModified\":\"2025-06-28T08:56:41+00:00\",\"breadcrumb\":{\"@id\":\"https:\\\/\\\/new.efienergyprojects.com\\\/new\\\/politica-de-cookies\\\/#breadcrumb\"},\"inLanguage\":\"es\",\"potentialAction\":[{\"@type\":\"ReadAction\",\"target\":[\"https:\\\/\\\/new.efienergyprojects.com\\\/new\\\/politica-de-cookies\\\/\"]}]},{\"@type\":\"BreadcrumbList\",\"@id\":\"https:\\\/\\\/new.efienergyprojects.com\\\/new\\\/politica-de-cookies\\\/#breadcrumb\",\"itemListElement\":[{\"@type\":\"ListItem\",\"position\":1,\"name\":\"Portada\",\"item\":\"https:\\\/\\\/new.efienergyprojects.com\\\/new\\\/\"},{\"@type\":\"ListItem\",\"position\":2,\"name\":\"Pol\u00edtica de cookies\"}]},{\"@type\":\"WebSite\",\"@id\":\"https:\\\/\\\/new.efienergyprojects.com\\\/new\\\/#website\",\"url\":\"https:\\\/\\\/new.efienergyprojects.com\\\/new\\\/\",\"name\":\"Efienergy Projects\",\"description\":\"\",\"publisher\":{\"@id\":\"https:\\\/\\\/new.efienergyprojects.com\\\/new\\\/#organization\"},\"potentialAction\":[{\"@type\":\"SearchAction\",\"target\":{\"@type\":\"EntryPoint\",\"urlTemplate\":\"https:\\\/\\\/new.efienergyprojects.com\\\/new\\\/?s={search_term_string}\"},\"query-input\":{\"@type\":\"PropertyValueSpecification\",\"valueRequired\":true,\"valueName\":\"search_term_string\"}}],\"inLanguage\":\"es\"},{\"@type\":\"Organization\",\"@id\":\"https:\\\/\\\/new.efienergyprojects.com\\\/new\\\/#organization\",\"name\":\"Efienergy Projects\",\"url\":\"https:\\\/\\\/new.efienergyprojects.com\\\/new\\\/\",\"logo\":{\"@type\":\"ImageObject\",\"inLanguage\":\"es\",\"@id\":\"https:\\\/\\\/new.efienergyprojects.com\\\/new\\\/#\\\/schema\\\/logo\\\/image\\\/\",\"url\":\"https:\\\/\\\/new.efienergyprojects.com\\\/new\\\/wp-content\\\/uploads\\\/2025\\\/05\\\/cropped-logo.efienergy.jpeg\",\"contentUrl\":\"https:\\\/\\\/new.efienergyprojects.com\\\/new\\\/wp-content\\\/uploads\\\/2025\\\/05\\\/cropped-logo.efienergy.jpeg\",\"width\":1080,\"height\":565,\"caption\":\"Efienergy Projects\"},\"image\":{\"@id\":\"https:\\\/\\\/new.efienergyprojects.com\\\/new\\\/#\\\/schema\\\/logo\\\/image\\\/\"},\"sameAs\":[\"https:\\\/\\\/www.linkedin.com\\\/company\\\/efienergy-projects\\\/?viewAsMember=true\"]}]}<\/script>\n<!-- \/ Yoast SEO plugin. -->","yoast_head_json":{"title":"Pol\u00edtica de cookies - Efienergy Projects","robots":{"index":"index","follow":"follow","max-snippet":"max-snippet:-1","max-image-preview":"max-image-preview:large","max-video-preview":"max-video-preview:-1"},"canonical":"https:\/\/new.efienergyprojects.com\/new\/politica-de-cookies\/","og_locale":"es_ES","og_type":"article","og_title":"Pol\u00edtica de cookies - Efienergy Projects","og_description":"POL\u00cdTICA DE COOKIES En cumplimiento con el que dispone el art\u00edculo 22.2 de la Ley 34\/2002, de 11 de julio, [&hellip;]","og_url":"https:\/\/new.efienergyprojects.com\/new\/politica-de-cookies\/","og_site_name":"Efienergy Projects","article_modified_time":"2025-06-28T08:56:41+00:00","twitter_card":"summary_large_image","twitter_misc":{"Tiempo de lectura":"2 minutos"},"schema":{"@context":"https:\/\/schema.org","@graph":[{"@type":"WebPage","@id":"https:\/\/new.efienergyprojects.com\/new\/politica-de-cookies\/","url":"https:\/\/new.efienergyprojects.com\/new\/politica-de-cookies\/","name":"Pol\u00edtica de cookies - Efienergy Projects","isPartOf":{"@id":"https:\/\/new.efienergyprojects.com\/new\/#website"},"datePublished":"2025-06-25T05:54:18+00:00","dateModified":"2025-06-28T08:56:41+00:00","breadcrumb":{"@id":"https:\/\/new.efienergyprojects.com\/new\/politica-de-cookies\/#breadcrumb"},"inLanguage":"es","potentialAction":[{"@type":"ReadAction","target":["https:\/\/new.efienergyprojects.com\/new\/politica-de-cookies\/"]}]},{"@type":"BreadcrumbList","@id":"https:\/\/new.efienergyprojects.com\/new\/politica-de-cookies\/#breadcrumb","itemListElement":[{"@type":"ListItem","position":1,"name":"Portada","item":"https:\/\/new.efienergyprojects.com\/new\/"},{"@type":"ListItem","position":2,"name":"Pol\u00edtica de cookies"}]},{"@type":"WebSite","@id":"https:\/\/new.efienergyprojects.com\/new\/#website","url":"https:\/\/new.efienergyprojects.com\/new\/","name":"Efienergy Projects","description":"","publisher":{"@id":"https:\/\/new.efienergyprojects.com\/new\/#organization"},"potentialAction":[{"@type":"SearchAction","target":{"@type":"EntryPoint","urlTemplate":"https:\/\/new.efienergyprojects.com\/new\/?s={search_term_string}"},"query-input":{"@type":"PropertyValueSpecification","valueRequired":true,"valueName":"search_term_string"}}],"inLanguage":"es"},{"@type":"Organization","@id":"https:\/\/new.efienergyprojects.com\/new\/#organization","name":"Efienergy Projects","url":"https:\/\/new.efienergyprojects.com\/new\/","logo":{"@type":"ImageObject","inLanguage":"es","@id":"https:\/\/new.efienergyprojects.com\/new\/#\/schema\/logo\/image\/","url":"https:\/\/new.efienergyprojects.com\/new\/wp-content\/uploads\/2025\/05\/cropped-logo.efienergy.jpeg","contentUrl":"https:\/\/new.efienergyprojects.com\/new\/wp-content\/uploads\/2025\/05\/cropped-logo.efienergy.jpeg","width":1080,"height":565,"caption":"Efienergy Projects"},"image":{"@id":"https:\/\/new.efienergyprojects.com\/new\/#\/schema\/logo\/image\/"},"sameAs":["https:\/\/www.linkedin.com\/company\/efienergy-projects\/?viewAsMember=true"]}]}},"uagb_featured_image_src":{"full":false,"thumbnail":false,"medium":false,"medium_large":false,"large":false,"1536x1536":false,"2048x2048":false},"uagb_author_info":{"display_name":"Efienergy","author_link":"https:\/\/new.efienergyprojects.com\/new\/author\/efienergy\/"},"uagb_comment_info":0,"uagb_excerpt":"POL\u00cdTICA DE COOKIES En cumplimiento con el que dispone el art\u00edculo 22.2 de la Ley 34\/2002, de 11 de julio, [&hellip;]","_links":{"self":[{"href":"https:\/\/new.efienergyprojects.com\/new\/wp-json\/wp\/v2\/pages\/569","targetHints":{"allow":["GET"]}}],"collection":[{"href":"https:\/\/new.efienergyprojects.com\/new\/wp-json\/wp\/v2\/pages"}],"about":[{"href":"https:\/\/new.efienergyprojects.com\/new\/wp-json\/wp\/v2\/types\/page"}],"author":[{"embeddable":true,"href":"https:\/\/new.efienergyprojects.com\/new\/wp-json\/wp\/v2\/users\/1"}],"replies":[{"embeddable":true,"href":"https:\/\/new.efienergyprojects.com\/new\/wp-json\/wp\/v2\/comments?post=569"}],"version-history":[{"count":5,"href":"https:\/\/new.efienergyprojects.com\/new\/wp-json\/wp\/v2\/pages\/569\/revisions"}],"predecessor-version":[{"id":602,"href":"https:\/\/new.efienergyprojects.com\/new\/wp-json\/wp\/v2\/pages\/569\/revisions\/602"}],"wp:attachment":[{"href":"https:\/\/new.efienergyprojects.com\/new\/wp-json\/wp\/v2\/media?parent=569"}],"curies":[{"name":"wp","href":"https:\/\/api.w.org\/{rel}","templated":true}]}}